{"id":316,"date":"2020-07-18T17:41:27","date_gmt":"2020-07-18T17:41:27","guid":{"rendered":"https:\/\/siebler-radek.de\/?page_id=316"},"modified":"2021-02-04T15:23:17","modified_gmt":"2021-02-04T15:23:17","slug":"karl-werner-siebler-2","status":"publish","type":"page","link":"https:\/\/siebler-radek.de\/index.php\/karl-werner-siebler-2\/","title":{"rendered":"Karl-Werner Siebler"},"content":{"rendered":"<h3><strong>Meine ersten Lebensjahre in B\u00f6rsborn<\/strong><\/h3>\n<p>Ich bin am 22 Juni 1943 in Kaiserslautern in der Handornklinik zur Welt gekommen,\u00a0 Mein Vater Werner Siebler war da schon mindestens fast drei Jahre im Krieg. Ich bin also w\u00e4hrend eines Kriegsurlaubs gezeugt worden. Meine Mutter brachte mich allein, dh. ohne den Vater, zur Welt. Da weiterhin Krieg war, nehme ich an, dass meine Mutter\u00a0 sich die meiste Zeit im relativ sicheren B\u00f6rsborn aufhielt. Dies war sicherlich auch der Tatsache geschuldigt, dass die Nahrungsmittelversorgung in B\u00f6rsborn besser war, da das Dorf aus vielen selbstversorgenden Bauernh\u00f6fen bestand. Eine Busverbindung nach B\u00f6rsborn existierte nicht, aber die Glantalbahn fuhr noch.<\/p>\n<p><img decoding=\"async\" class=\"aligncenter\" src=\"https:\/\/siebler-radek.de\/wp-content\/uploads\/2020\/07\/B%C3%B6rsborn-1950-Ortseinfahrt-1-1024x324.jpg\" \/><\/p>\n<p>Mein Vater war kurz vor Kriegsbeginn 1939 als Lehrer nach B\u00f6rsborn versetzt worden und hat in der Volksschule eine Lehrerdienstwohnnug erhalten. Diese befand sich im ersten Stock \u00fcber den Schuls\u00e4len. Die Lehrer der damaligen Zeit, waren die Kulturtr\u00e4ger und mussten mindestens ein Instrument spielen und\u00a0 Chorleiter sein. Obwohl mein Vater nur kurz im Ort t\u00e4tig war, hat er schon aktiv einen Chor geleitet. Da meine Mutter ihn in allen Dingen unterst\u00fctzte, war sie auch S\u00e4ngerin im Chor und hatte so guten Kontakt zu den Leuten.\u00a0 Mit einer S\u00e4ngerin ,Frau Leibrock, war sie schnell befreundet. Diese Freundschaft \u00fcbertrug sich auf mich und meine Frau Sabine, da wir mit ihrer Tochter Irene Seidel schon seit Jahrzehnten befreundet sind.<\/p>\n<figure style=\"width: 428px\" class=\"wp-caption alignleft\"><img loading=\"lazy\" decoding=\"async\" src=\"https:\/\/siebler-radek.de\/wp-content\/uploads\/2020\/07\/Volksschule-B%C3%B6rsborn.jpg\" alt=\"\" width=\"428\" height=\"260\" \/><figcaption class=\"wp-caption-text\">Schule &#8211; oben Dienstwohnung<\/figcaption><\/figure>\n<p>An mein Babydasein kann ich mich nat\u00fcrlich nicht mehr erinnern Aber aus den ersten Jahre vor der Schule habe ich noch einige Erinnerungen. So geh\u00f6rte zum Schulhaus ein sch\u00f6ner Garten mit vielen obsttragenden Str\u00e4uchern. Dies war mein Spielgel\u00e4nde , in dem ich mit meiner gleichaltrigen Nachbarin h\u00e4ufig spielte. Auch erinnere ich mich noch an einzelne Fahrten mit dem Zug nach Kaiserslautern zu meinen Gro\u00dfeltern. Dazu mussten wir zu Fu\u00df rund drei Kilometer den Berg hinunter nach Dietschweiler laufen. Ich erinnere mich noch an eine sch\u00f6ne Fahrradtour von B\u00f6rsborn nach Kaiserslautern mit meinen Eltern.<\/p>\n<p>&nbsp;<\/p>\n<figure style=\"width: 274px\" class=\"wp-caption alignleft\"><img loading=\"lazy\" decoding=\"async\" class=\"\" src=\"https:\/\/siebler-radek.de\/wp-content\/uploads\/2020\/07\/Kleinkind-KW_edited.jpg\" alt=\"\" width=\"274\" height=\"365\" \/><figcaption class=\"wp-caption-text\">Ich 3-4 Jahren<\/figcaption><\/figure>\n<figure style=\"width: 271px\" class=\"wp-caption alignleft\"><img loading=\"lazy\" decoding=\"async\" class=\"details-image\" draggable=\"false\" src=\"https:\/\/siebler-radek.de\/wp-content\/uploads\/2020\/07\/Schulanf%C3%A4nger-KW_edited.jpg\" alt=\"\" width=\"271\" height=\"368\" \/><figcaption class=\"wp-caption-text\">mit 8<\/figcaption><\/figure>\n<p>Mein Vater kam erst im Herbst 1948 aus der Kriegsgefangen-schaft nach Hause zur\u00fcck. Mit f\u00fcnf Jahren fragte ich meine Mutter, was dieser Fremde bei uns wollte.\u00a0 Anscheinend hat er sehr bald seine Stelle als Volksschullehrer wieder eingenommen und wurde so im Jahre 1950 zu meinem Lehrer in der ersten Klasse. Damals begann das Schuljahr nicht im Herbst sondern nach Ostern. Das Bild wurde also im Juni 1950 aufgenommen, was man an\u00a0 dem gut entwickelten Gras erkennen kann. Im Herbst desselben Jahres wurde mein Vater zum Hauptschullehrer in Wolfstein ernannt. Wir zogen also von B\u00f6rsborn nach Wolfstein um.<\/p>\n<figure style=\"width: 834px\" class=\"wp-caption aligncenter\"><img loading=\"lazy\" decoding=\"async\" src=\"https:\/\/siebler-radek.de\/wp-content\/uploads\/2020\/07\/erste-Klasse-Foto-mit-Vater_edited.jpg\" alt=\"\" width=\"834\" height=\"622\" \/><figcaption class=\"wp-caption-text\">Werner Siebler am Wandertag der ersten Klasse Juni 1950<\/figcaption><\/figure>\n<p><strong>\u00a0Elsetraudes Erinnerungen an B\u00f6rsborn mit Mutti\u00a0 <\/strong>(Audio)<\/p>\n<!--[if lt IE 9]><script>document.createElement('audio');<\/script><![endif]-->\n\t<div class=\"wp-playlist wp-audio-playlist wp-playlist-light\">\n\t\t\t<div class=\"wp-playlist-current-item\"><\/div>\n\t\t<audio controls=\"controls\" preload=\"none\" width=\"503\"\n\t\t\t><\/audio>\n\t<div class=\"wp-playlist-next\"><\/div>\n\t<div class=\"wp-playlist-prev\"><\/div>\n\t<noscript>\n\t<ol>\n\t\t<li><a href='https:\/\/siebler-radek.de\/wp-content\/uploads\/2020\/09\/E1.wav'>Mutti in B\u00f6rsborn 1<\/a><\/li><li><a href='https:\/\/siebler-radek.de\/wp-content\/uploads\/2020\/09\/E2.wav'>Mutti in B\u00f6rsborn 2<\/a><\/li><li><a href='https:\/\/siebler-radek.de\/wp-content\/uploads\/2020\/09\/E3.wav'>Mutti in B\u00f6rsborn 3<\/a><\/li><li><a href='https:\/\/siebler-radek.de\/wp-content\/uploads\/2020\/09\/E4.wav'>Mutti in B\u00f6rsborn 4<\/a><\/li><li><a href='https:\/\/siebler-radek.de\/wp-content\/uploads\/2020\/09\/E5.wav'>Mutti in B\u00f6rsborn 5<\/a><\/li><li><a href='https:\/\/siebler-radek.de\/wp-content\/uploads\/2020\/09\/E6.wav'>Mutti in B\u00f6rsborn 6<\/a><\/li><li><a href='https:\/\/siebler-radek.de\/wp-content\/uploads\/2020\/09\/E7.wav'>Mutti in B\u00f6rsborn 7<\/a><\/li>\t<\/ol>\n\t<\/noscript>\n\t<script type=\"application\/json\" class=\"wp-playlist-script\">{\"type\":\"audio\",\"tracklist\":true,\"tracknumbers\":true,\"images\":false,\"artists\":true,\"tracks\":[{\"src\":\"https:\\\/\\\/siebler-radek.de\\\/wp-content\\\/uploads\\\/2020\\\/09\\\/E1.wav\",\"type\":\"audio\\\/wav\",\"title\":\"Mutti in B\\u00f6rsborn 1\",\"caption\":\"\",\"description\":\"\\\"E1\\\".\",\"meta\":{\"length_formatted\":\"0:46\"},\"image\":{\"src\":\"https:\\\/\\\/siebler-radek.de\\\/wp-includes\\\/images\\\/media\\\/audio.svg\",\"width\":48,\"height\":64},\"thumb\":{\"src\":\"https:\\\/\\\/siebler-radek.de\\\/wp-includes\\\/images\\\/media\\\/audio.svg\",\"width\":48,\"height\":64}},{\"src\":\"https:\\\/\\\/siebler-radek.de\\\/wp-content\\\/uploads\\\/2020\\\/09\\\/E2.wav\",\"type\":\"audio\\\/wav\",\"title\":\"Mutti in B\\u00f6rsborn 2\",\"caption\":\"\",\"description\":\"\\\"E2\\\".\",\"meta\":{\"length_formatted\":\"1:48\"},\"image\":{\"src\":\"https:\\\/\\\/siebler-radek.de\\\/wp-includes\\\/images\\\/media\\\/audio.svg\",\"width\":48,\"height\":64},\"thumb\":{\"src\":\"https:\\\/\\\/siebler-radek.de\\\/wp-includes\\\/images\\\/media\\\/audio.svg\",\"width\":48,\"height\":64}},{\"src\":\"https:\\\/\\\/siebler-radek.de\\\/wp-content\\\/uploads\\\/2020\\\/09\\\/E3.wav\",\"type\":\"audio\\\/wav\",\"title\":\"Mutti in B\\u00f6rsborn 3\",\"caption\":\"\",\"description\":\"\\\"E3\\\".\",\"meta\":{\"length_formatted\":\"2:04\"},\"image\":{\"src\":\"https:\\\/\\\/siebler-radek.de\\\/wp-includes\\\/images\\\/media\\\/audio.svg\",\"width\":48,\"height\":64},\"thumb\":{\"src\":\"https:\\\/\\\/siebler-radek.de\\\/wp-includes\\\/images\\\/media\\\/audio.svg\",\"width\":48,\"height\":64}},{\"src\":\"https:\\\/\\\/siebler-radek.de\\\/wp-content\\\/uploads\\\/2020\\\/09\\\/E4.wav\",\"type\":\"audio\\\/wav\",\"title\":\"Mutti in B\\u00f6rsborn 4\",\"caption\":\"\",\"description\":\"\\\"E4\\\".\",\"meta\":{\"length_formatted\":\"0:11\"},\"image\":{\"src\":\"https:\\\/\\\/siebler-radek.de\\\/wp-includes\\\/images\\\/media\\\/audio.svg\",\"width\":48,\"height\":64},\"thumb\":{\"src\":\"https:\\\/\\\/siebler-radek.de\\\/wp-includes\\\/images\\\/media\\\/audio.svg\",\"width\":48,\"height\":64}},{\"src\":\"https:\\\/\\\/siebler-radek.de\\\/wp-content\\\/uploads\\\/2020\\\/09\\\/E5.wav\",\"type\":\"audio\\\/wav\",\"title\":\"Mutti in B\\u00f6rsborn 5\",\"caption\":\"\",\"description\":\"\\\"E5\\\".\",\"meta\":{\"length_formatted\":\"1:10\"},\"image\":{\"src\":\"https:\\\/\\\/siebler-radek.de\\\/wp-includes\\\/images\\\/media\\\/audio.svg\",\"width\":48,\"height\":64},\"thumb\":{\"src\":\"https:\\\/\\\/siebler-radek.de\\\/wp-includes\\\/images\\\/media\\\/audio.svg\",\"width\":48,\"height\":64}},{\"src\":\"https:\\\/\\\/siebler-radek.de\\\/wp-content\\\/uploads\\\/2020\\\/09\\\/E6.wav\",\"type\":\"audio\\\/wav\",\"title\":\"Mutti in B\\u00f6rsborn 6\",\"caption\":\"\",\"description\":\"\\\"E6\\\".\",\"meta\":{\"length_formatted\":\"0:55\"},\"image\":{\"src\":\"https:\\\/\\\/siebler-radek.de\\\/wp-includes\\\/images\\\/media\\\/audio.svg\",\"width\":48,\"height\":64},\"thumb\":{\"src\":\"https:\\\/\\\/siebler-radek.de\\\/wp-includes\\\/images\\\/media\\\/audio.svg\",\"width\":48,\"height\":64}},{\"src\":\"https:\\\/\\\/siebler-radek.de\\\/wp-content\\\/uploads\\\/2020\\\/09\\\/E7.wav\",\"type\":\"audio\\\/wav\",\"title\":\"Mutti in B\\u00f6rsborn 7\",\"caption\":\"\",\"description\":\"\\\"E7\\\".\",\"meta\":{\"length_formatted\":\"0:29\"},\"image\":{\"src\":\"https:\\\/\\\/siebler-radek.de\\\/wp-includes\\\/images\\\/media\\\/audio.svg\",\"width\":48,\"height\":64},\"thumb\":{\"src\":\"https:\\\/\\\/siebler-radek.de\\\/wp-includes\\\/images\\\/media\\\/audio.svg\",\"width\":48,\"height\":64}}]}<\/script>\n<\/div>\n\t\n<div class=\"attachment-actions\"><strong>Meine Schulzeit in der Volksschule Wolfstein<\/strong><\/div>\n<div>Eingeschult wurde ich im Jahre 1950 also mit fast 7 Jahren. Ich d\u00fcrfte somit eines der \u00e4ltesten Kinder in der Klasse gewesen sein. Meine Lehrerin ab Herbst 1950 war ein gewisses Fr\u00e4ulen Hebel, die erste und 2. Klasse unterrichtete. Sie wohnte im Dachgeschoss des Schulgeb\u00e4udes, in dem im Erdgeschoss zwei und im ersten Stock wieder zwei Klassens\u00e4le und Sammlungsraum waren.<\/div>\n<div>An die ersten beiden Klassen erinnere ich mich kaum, bis auf den Handarbeitsunterricht. Auch Jungen mussten stricken, h\u00e4keln und Str\u00fcmpfe stopfen lernen. Mein Topflappen brauchte ewig bis er mit vielen L\u00f6chern &#8222;fertig&#8220; wurde. Mein erste Klasse Zeugnis war noch mit franz\u00f6sischen Noten (1-20), wobei 20 die beste Note war.<\/div>\n<div>Im rechten Klassensaal des Erdgeschosses unterrichtete Herr Matzenbacher die 3. und 4. Klassen. Im ersten Geschoss links Lehrer Hess, die 5.und 6. Klassen und mein Vater im rechten Saal die 7. und 8..<\/div>\n<div>Eines meiner Lieblingsf\u00e4cher in der 3. und 4. Klasse war die Heimatkunde. Ein Fach, das Geschichte, Biologie und Erdkunde verkn\u00fcpfte. Leider musste man daf\u00fcr ein sauber geschriebenes Heft f\u00fchren. Da meine Schrift (Auszug aus dem Heimatkundeheft) nach damaligen Vorstellung eine Sauklaue war und es noch keinen Tintenkiller gab, musste ich dieses mehrmals neu aufsetzen. Diese Hefte besitze ich noch heute. Daran kann man erkennen, wieviel Arbeit in ihnen steckt.<\/div>\n<div>Am Ende der 4. Klasse wechselten viele Klassenkameraden zum Gymnasium nach Kaiserslautern.\u00a0Ich durfte erst ein Jahr sp\u00e4ter, nach der 5. wechseln.<\/div>\n<div><\/div>\n<div><strong>Meine Gymnasialzeit und mein Studium<\/strong><\/div>\n<div>1955 wurde man erst nach einer Aufnahmepr\u00fcfung am Gymnasium zugelassen. Ich erinnere mich noch daran, dass Tante Schlad zu meiner &#8222;Freude&#8220; ausgiebig mit mir \u00fcbte.<\/div>\n<div>Nach bestandener Aufnahmepr\u00fcfung war Franz\u00f6sisch die erste Fremdsprache, da Rheinland-Pfalz eine franz\u00f6sische Besatzungszone war.<\/div>\n<div>Die ganze Schulzeit bis zum Abitur waren meine Leistungen in Deutsch unterdurchschnittlich.\u00a0 Im November der 7. Klasse erkrankte ich an einer eitrigen Mittelohrentz\u00fcndung, die sich zu einer Mastoiditis verschlimmerte. Zur Behandlung wurde ich in ein Spezialkrankenhaus nach Ludwigshafen gebracht, wo mich eine Operation rettete.<\/div>\n<div>Nach l\u00e4ngerer Krankheit kehrte ich an die Schule zur\u00fcck. Der Wissensr\u00fcckstand f\u00fchrte dazu, dass ich im folgenden Schuljahr die KLasse wiederholen musste. Um mich besser kontrollieren zu k\u00f6nnen, wurde ich ans Progymnasium nach Lauterecken gebracht. Nach der 10. Klasse wechselte ich ans Gymnasium nach Kusel, wo ich 1965 ein mittelpr\u00e4chtiges Abitur ablegte.<\/div>\n<div>An der Uni Saarbr\u00fccken begann ich mit dem Studium Geographie und Mathematik. Jedoch merkte ich bald, dass Mathematik sehr schwer war. Deshalb wechselte ich zum Fach Biologie. Im Jahre 1970 schaffte ich die Pr\u00fcfung f\u00fcrs Lehramt am Gymnasium.<\/div>\n<div><\/div>\n<div><strong>Mein Interesse an M\u00e4dchen und jungen Frauen<\/strong><\/div>\n<div>Schon in der ersten Klasse viel mir ein M\u00e4dchen auf, f\u00fcr die ich wie die Mehrzahl meiner Mitsch\u00fcler schw\u00e4rmte.<\/div>\n<div>Mit 20 Jahren begann ich mich f\u00fcr die Nachbarstochter, <a href=\"https:\/\/siebler-radek.de\/index.php\/sabine-radek\/\"><span style=\"color: #339966;\">Sabine<\/span><\/a> Radek 16 J,\u00a0 zu interessieren. Ich passte auf, wann sie zum Milchholen am Abend ging und begleitete sie und ihre Freundin.\u00a0 Es dauerte lange bis sie merkte, dass ich ernsthaft an ihr interessiert war.. Ich musste hart k\u00e4mpfen um\u00a0 sie zu gewinnen. Am 18. M\u00e4rz 1968 heirateten wir, obwohl wir beide noch nicht mit dem Studium fertig waren. Ich bin dankbar, dass wir heute 2020 noch ein gl\u00fcckliches Paar sind und zwei Kinder haben:<\/div>\n<div><span style=\"color: #339966;\"><a style=\"color: #339966;\" href=\"https:\/\/siebler-radek.de\/index.php\/miriam-baur\/\">Miriam<\/a><\/span> geboren am 21.03.1973 und<\/div>\n<div><span style=\"color: #339966;\"><a style=\"color: #339966;\" href=\"https:\/\/siebler-radek.de\/index.php\/mirko-siebler-2\/\">Mirko<\/a><\/span> geboren am 01.10.1975<\/div>\n<div><\/div>\n<div><strong>Meine Berufsjahre<\/strong><\/div>\n<div>1971 begann meine Referendariat in Speyer. Nach einem Jahr verk\u00fcrzter Ausbildung bekam ich als Studienassessor eine Stelle am Gymnasium in Landstuhl.<\/div>\n<div>Meine Frau Sabine war 1 Jahr zuvor als Lehrerin an die Grundschule in Bruchm\u00fchlbach ernannt worden. Dort gab es zu dieser Zeit noch Lehrerdienstwohnungen . Wir wohnten im Zollhof 6 , einem Doppelhaus in dem das Erdgeschoss zwei Dienstwohnungen hatte und im ersten Stock waren zwei Klassens\u00e4le.<\/div>\n<div>Ich tr\u00e4umte immer davon in die Ferne zu ziehen und bewarb ich mich als Auslandslehrkraft. So tr\u00e4umte ich irgendwo nur weit genug weg zu kommen. Leider waren die Angebote, die ich erhielt nur in Europa: Europaschule an Lago di Varese,<\/div>\n<div>Deutsche Schule Paris St. Cloud,\u00a0Milit\u00e4rschule Brunsum und<\/div>\n<div><strong>Lycee Hoche (Deutsch-franz\u00f6sisches Gymnasium) Versailles.<\/strong> Dass das Deutsch-Franz\u00f6sische Gymnasium in Versailles f\u00fcr mich und meine Familie so einen Erfolg wurde , habe ich nicht ahnen gekonnt. Insgesamt waren wir 14 Jahre in &#8222;Versailles&#8220;.<\/div>\n<div>\n<figure id=\"attachment_870\" aria-describedby=\"caption-attachment-870\" style=\"width: 300px\" class=\"wp-caption alignleft\"><a href=\"https:\/\/siebler-radek.de\/wp-content\/uploads\/2020\/11\/DSCF0327-scaled.jpg\"><img loading=\"lazy\" decoding=\"async\" class=\"wp-image-870 size-medium\" src=\"https:\/\/siebler-radek.de\/wp-content\/uploads\/2020\/11\/DSCF0327-300x225.jpg\" alt=\"\" width=\"300\" height=\"225\" srcset=\"https:\/\/siebler-radek.de\/wp-content\/uploads\/2020\/11\/DSCF0327-300x225.jpg 300w, https:\/\/siebler-radek.de\/wp-content\/uploads\/2020\/11\/DSCF0327-1024x768.jpg 1024w, https:\/\/siebler-radek.de\/wp-content\/uploads\/2020\/11\/DSCF0327-768x576.jpg 768w, https:\/\/siebler-radek.de\/wp-content\/uploads\/2020\/11\/DSCF0327-1536x1152.jpg 1536w, https:\/\/siebler-radek.de\/wp-content\/uploads\/2020\/11\/DSCF0327-2048x1536.jpg 2048w\" sizes=\"auto, (max-width: 300px) 100vw, 300px\" \/><\/a><figcaption id=\"caption-attachment-870\" class=\"wp-caption-text\">34, rue du C\u00f4teau \u00e0 Chaville<\/figcaption><\/figure>\n<p>Die ersten acht Jahre von September 1977 bis Juli 1985 wohnten wir in <span style=\"color: #339966;\"><a style=\"color: #339966;\" href=\"https:\/\/siebler-radek.de\/index.php\/chaville\/\">Chaville<\/a><\/span> einem Ort zwischen Versailles und Paris an ner NR 10.<\/p>\n<p><span style=\"font-size: 1rem;\">\u00a0Da unsere Stellen im Landkreis Kaiserslautern nicht mehr zur Verf\u00fcgung standen\u00a0 wurden wir\u00a0 nach Ludwigshafen beordert. Ich ans Geschwister Scholl Gymnasium und Sabine an die Schillerschule in Mundenheim ein Ortsteil von Ludwigshafen. 1993 bekam ich die Chance wieder ans Deutsch-Franz\u00f6sische Gymnasium nach Buc\/Versailles kommen, was wir gerne annahmen, obwohl Mirko ein Jahr vorm Abitur war und nicht mitkommen wollte. Also blieb Sabine noch 1993\/1994 in Deutschland, bevor sie mir folgte. Wir f\u00fchrten ein Jahr lang eine Wochenendehe.<\/span><\/p>\n<\/div>\n<div>\n<figure id=\"attachment_883\" aria-describedby=\"caption-attachment-883\" style=\"width: 300px\" class=\"wp-caption alignright\"><img loading=\"lazy\" decoding=\"async\" class=\"wp-image-883 size-medium\" src=\"https:\/\/siebler-radek.de\/wp-content\/uploads\/2020\/11\/Haus-chateaufort-1995-300x194.jpg\" alt=\"\" width=\"300\" height=\"194\" srcset=\"https:\/\/siebler-radek.de\/wp-content\/uploads\/2020\/11\/Haus-chateaufort-1995-300x194.jpg 300w, https:\/\/siebler-radek.de\/wp-content\/uploads\/2020\/11\/Haus-chateaufort-1995-1024x664.jpg 1024w, https:\/\/siebler-radek.de\/wp-content\/uploads\/2020\/11\/Haus-chateaufort-1995-768x498.jpg 768w, https:\/\/siebler-radek.de\/wp-content\/uploads\/2020\/11\/Haus-chateaufort-1995-1536x996.jpg 1536w, https:\/\/siebler-radek.de\/wp-content\/uploads\/2020\/11\/Haus-chateaufort-1995-2048x1327.jpg 2048w\" sizes=\"auto, (max-width: 300px) 100vw, 300px\" \/><figcaption id=\"caption-attachment-883\" class=\"wp-caption-text\">9, Chemin des Reservoirs \u00e0 Chateaufort<\/figcaption><\/figure>\n<\/div>\n<div>Wir kauften ein Haus in\u00a0 <span style=\"color: #339966;\"><a style=\"color: #339966;\" href=\"https:\/\/siebler-radek.de\/index.php\/chateaufort\/\">Chateaufort<\/a>,<\/span>\u00a0 nicht weit von Buc .\u00a0 Nach 6 Jahren musste ich wieder zur\u00fcck nach Deutschland, da ich die Regelzeit f\u00fcr einen Auslandsaufenthalt mal wieder \u00fcberschritten\u00a0 hatte. Bis zum 64. Lebensjahr war ich Lehrer am Leininger Gymnasium in Gr\u00fcnstadt.<\/div>\n<div><\/div>\n","protected":false},"excerpt":{"rendered":"<p>Meine ersten Lebensjahre in B\u00f6rsborn Ich bin am 22 Juni 1943 in Kaiserslautern in der Handornklinik zur Welt gekommen,\u00a0 Mein Vater Werner Siebler war da schon mindestens fast drei Jahre im Krieg. Ich bin also w\u00e4hrend eines Kriegsurlaubs gezeugt worden. Meine Mutter brachte mich allein, dh. ohne den Vater, zur Welt. Da weiterhin Krieg war, &hellip; <\/p>\n<p class=\"link-more\"><a href=\"https:\/\/siebler-radek.de\/index.php\/karl-werner-siebler-2\/\" class=\"more-link\"><span class=\"screen-reader-text\">\u201eKarl-Werner Siebler\u201c<\/span> weiterlesen<\/a><\/p>\n","protected":false},"author":2,"featured_media":0,"parent":0,"menu_order":0,"comment_status":"closed","ping_status":"closed","template":"","meta":{"footnotes":""},"class_list":["post-316","page","type-page","status-publish","hentry"],"jetpack_sharing_enabled":true,"_links":{"self":[{"href":"https:\/\/siebler-radek.de\/index.php\/wp-json\/wp\/v2\/pages\/316","targetHints":{"allow":["GET"]}}],"collection":[{"href":"https:\/\/siebler-radek.de\/index.php\/wp-json\/wp\/v2\/pages"}],"about":[{"href":"https:\/\/siebler-radek.de\/index.php\/wp-json\/wp\/v2\/types\/page"}],"author":[{"embeddable":true,"href":"https:\/\/siebler-radek.de\/index.php\/wp-json\/wp\/v2\/users\/2"}],"replies":[{"embeddable":true,"href":"https:\/\/siebler-radek.de\/index.php\/wp-json\/wp\/v2\/comments?post=316"}],"version-history":[{"count":43,"href":"https:\/\/siebler-radek.de\/index.php\/wp-json\/wp\/v2\/pages\/316\/revisions"}],"predecessor-version":[{"id":1245,"href":"https:\/\/siebler-radek.de\/index.php\/wp-json\/wp\/v2\/pages\/316\/revisions\/1245"}],"wp:attachment":[{"href":"https:\/\/siebler-radek.de\/index.php\/wp-json\/wp\/v2\/media?parent=316"}],"curies":[{"name":"wp","href":"https:\/\/api.w.org\/{rel}","templated":true}]}}